{"id":7,"date":"2026-04-06T15:41:45","date_gmt":"2026-04-06T13:41:45","guid":{"rendered":"https:\/\/xn--mtebookeren-ggb.no\/?page_id=7"},"modified":"2026-04-06T15:52:11","modified_gmt":"2026-04-06T13:52:11","slug":"fremside","status":"publish","type":"page","link":"https:\/\/xn--mtebookeren-ggb.no\/","title":{"rendered":"Fremside"},"content":{"rendered":"\n<h1 class=\"wp-block-heading\">M\u00f8tebooking<\/h1>\n\n\n\n<div class=\"wp-block-columns is-layout-flex wp-container-core-columns-is-layout-9d6595d7 wp-block-columns-is-layout-flex\">\n<div class=\"wp-block-column is-vertically-aligned-center is-layout-flow wp-block-column-is-layout-flow\">\n<p>M\u00f8tebookeren hjelper bedriften din med \u00e5 \u00f8ke salget og spare tid p\u00e5 salgsprosessen.<\/p>\n\n\n\n<p>Vi fyller kalenderen din med relevante kundem\u00f8ter, slik at du kan videref\u00f8re salgsprosessen p\u00e5 en effektiv m\u00e5te. Dette gir deg mulighet til \u00e5 fokusere p\u00e5 virksomhetens utvikling og drift.<\/p>\n\n\n\n<p>M\u00f8tebooking starter med grundig forarbeid. Vi definerer riktig m\u00e5lgruppe sammen og vurderer l\u00f8pende kvaliteten p\u00e5 m\u00f8tene.<\/p>\n<\/div>\n\n\n\n<div class=\"wp-block-column is-vertically-aligned-center is-layout-flow wp-block-column-is-layout-flow\">\n<figure class=\"wp-block-image size-full\"><img loading=\"lazy\" decoding=\"async\" width=\"724\" height=\"483\" src=\"https:\/\/xn--mtebookeren-ggb.no\/wp-content\/uploads\/2026\/04\/motebookeren_sm.webp\" alt=\"M\u00f8tebooking hos M\u00f8tebookeren.no\" class=\"wp-image-12\" srcset=\"https:\/\/xn--mtebookeren-ggb.no\/wp-content\/uploads\/2026\/04\/motebookeren_sm.webp 724w, https:\/\/xn--mtebookeren-ggb.no\/wp-content\/uploads\/2026\/04\/motebookeren_sm-300x200.webp 300w\" sizes=\"auto, (max-width: 724px) 100vw, 724px\" \/><\/figure>\n<\/div>\n<\/div>\n\n\n\n<h2 class=\"wp-block-heading\"><strong>Kvalitet fremfor kvantitet<\/strong><\/h2>\n\n\n\n<p>Hos M\u00f8tebookeren handler det om \u00e5 booke m\u00f8ter som kan f\u00f8re til nye kunder. Derfor prioriterer vi kvalitet i hele leveransen.<\/p>\n\n\n\n<h2 class=\"wp-block-heading\"><strong>Slik fungerer det<\/strong><\/h2>\n\n\n\n<h3 class=\"wp-block-heading\"><strong>Kartlegging av behov<\/strong><\/h3>\n\n\n\n<p>Vi lager raskt et forslag basert p\u00e5 dine \u00f8nsker og m\u00e5l.<\/p>\n\n\n\n<h3 class=\"wp-block-heading\"><strong>Oppl\u00e6ring og innsikt<\/strong><\/h3>\n\n\n\n<p>Sammen lager vi en plan for \u00e5 bli kjent med virksomheten din, hva dere tilbyr og hvem dere vil n\u00e5.<\/p>\n\n\n\n<h3 class=\"wp-block-heading\"><strong>Integrasjon i systemene dine<\/strong><\/h3>\n\n\n\n<p>Vi kobler oss til dine systemer for en smidig og effektiv m\u00f8tebooking.<\/p>\n\n\n\n<h3 class=\"wp-block-heading\"><strong>Oppstart og l\u00f8pende samarbeid<\/strong><\/h3>\n\n\n\n<p>M\u00f8tebookingen igangsettes etter planen. Underveis opprettholder vi konstruktiv dialog for l\u00f8pende justeringer og optimalisering av resultater.<\/p>\n\n\n\n<h2 class=\"wp-block-heading\"><strong>V\u00e5re tjenester<\/strong><\/h2>\n\n\n\n<h3 class=\"wp-block-heading\"><strong>M\u00f8tebooking<\/strong><\/h3>\n\n\n\n<p>M\u00f8tebookeren gir bedriften din profesjonell m\u00f8tebooking mot bedriftsmarkedet (B2B). Vi kobler deg direkte med beslutningstakere og potensielle kunder, slik at du kan fokusere p\u00e5 salg og bedre resultater.<\/p>\n\n\n\n<h3 class=\"wp-block-heading\"><strong>Prospektering<\/strong><\/h3>\n\n\n\n<p>Vi kontakter riktig m\u00e5lgruppe og identifiserer bedrifter som passer tjenestene dine. Dette gir flere relevante leads i tett dialog med deg.<\/p>\n\n\n\n<p>Hvis du allerede har en liste over potensielle prospekter, benytter vi den som utgangspunkt for v\u00e5r m\u00f8tebookingprosess.<\/p>\n\n\n\n<h3 class=\"wp-block-heading\"><strong>Forretningsr\u00e5dgivning<\/strong><\/h3>\n\n\n\n<p>M\u00f8tebooking er bare \u00e9n del av salgsprosessen. M\u00f8tebookeren kan ogs\u00e5 bist\u00e5 salgsavdelingen din med r\u00e5d og sparring om hvordan dere best kan f\u00f8lge opp m\u00f8tene som bookes, slik at dere f\u00e5r maksimalt utbytte av hver salgsmulighet. Et tett samarbeid gj\u00f8r det enklere \u00e5 f\u00e5 mest mulig verdi ut av hvert m\u00f8te.<\/p>\n\n\n\n<h2 class=\"wp-block-heading\"><strong>Slik f\u00e5r du flere kunder med leadsgenerering<\/strong><\/h2>\n\n\n\n<p>Leadsgenerering handler om \u00e5 tiltrekke og utvikle interessen fra potensielle kunder til kj\u00f8p.<\/p>\n\n\n\n<p>I et digitalt marked preget av kort oppmerksomhet, m\u00e5 leadsgenerering v\u00e6re tydelig, relevant og skape verdi for potensielle kunder.<\/p>\n\n\n\n<p><strong>Dette b\u00f8r effektiv leadsgenerering inneb\u00e6re:<\/strong><\/p>\n\n\n\n<ul class=\"wp-block-list\">\n<li>M\u00e5lrettet markedsf\u00f8ring med et relevant og personlig budskap<\/li>\n\n\n\n<li>Et tydelig og konsistent budskap p\u00e5 tvers av flere kanaler<\/li>\n\n\n\n<li>Gi informasjon som hjelper kunden med \u00e5 forst\u00e5 produkter og tjenester bedre<\/li>\n\n\n\n<li>Bygge tillit og et langsiktig forhold mellom bedrift og kunde<\/li>\n<\/ul>\n\n\n\n<h2 class=\"wp-block-heading\"><strong>Lead enkelt forklart<\/strong><\/h2>\n\n\n\n<p>Et lead er i bunn og grunn det samme som en potensiell kunde eller en person som har vist interesse for en bedrifts produkter eller tjenester.<\/p>\n\n\n\n<p>Dette skjer vanligvis ved at personer deler kontaktinformasjon eller utf\u00f8rer en handling via bedriftens kanaler, for eksempel ved \u00e5 fylle ut et skjema, abonnere p\u00e5 et nyhetsbrev eller laste ned innhold.<\/p>\n\n\n\n<h2 class=\"wp-block-heading\"><strong>Fordeler med leadsgenerering<\/strong><\/h2>\n\n\n\n<h3 class=\"wp-block-heading\"><strong>Du bruker mindre tid p\u00e5 salg<\/strong><\/h3>\n\n\n\n<p>Uten leadsgenerering m\u00e5 selgere opps\u00f8ke, kontakte og kvalifisere potensielle kunder p\u00e5 egenh\u00e5nd. Det tar tid og krever betydelige ressurser.<\/p>\n\n\n\n<p>Med en strategi for leadsgenerering blir potensielle kunder informert gjennom markedsf\u00f8ring og relevant innhold. N\u00e5r kunden har vist interesse, blir det enklere for salgsavdelingen \u00e5 prioritere oppf\u00f8lging.<\/p>\n\n\n\n<h3 class=\"wp-block-heading\"><strong>Bedre kundeopplevelse<\/strong><\/h3>\n\n\n\n<p>Uoppfordrede salgshenvendelser kan oppleves som p\u00e5trengende, s\u00e6rlig n\u00e5r kunden ikke er kjent med virksomheten.<\/p>\n\n\n\n<p>N\u00e5r potensielle kunder f\u00e5r tilgang til verdifull informasjon og kan sette seg inn i produkter eller tjenester i eget tempo, oppst\u00e5r en mer naturlig dialog. Kunden f\u00e5r et godt informasjonsgrunnlag for vurdering, noe som fremmer en positiv opplevelse av kontakten med virksomheten.<\/p>\n\n\n\n<h3 class=\"wp-block-heading\"><strong>St\u00f8rre sjanse for h\u00f8yere konverteringsrate<\/strong><\/h3>\n\n\n\n<p>Leads som allerede har vist interesse er gjerne mer \u00e5pne for dialog (ogs\u00e5 kalt varme leads). De har en grunnleggende forst\u00e5else av hva bedriften tilbyr, som igjen f\u00f8rer til en mer relevant salgsprosess.<\/p>\n\n\n\n<p>I stedet for \u00e5 introdusere virksomheten fra bunnen, kan samtalen handle om behov, l\u00f8sninger og alternativer. Dette kan f\u00f8re til at flere leads g\u00e5r videre i kj\u00f8psprosessen.<\/p>\n\n\n\n<h2 class=\"wp-block-heading\"><strong>3 grep som s\u00f8rger for flere leads<\/strong><\/h2>\n\n\n\n<p>Du trenger kontaktinformasjon, ofte e-postadresse, for \u00e5 f\u00f8lge opp potensielle kunder.<\/p>\n\n\n\n<p>Det er mange som bes\u00f8ker en nettside uten \u00e5 komme tilbake, men dersom du gir bes\u00f8kende en enkel mulighet til \u00e5 registrere seg, har virksomheten mulighet til \u00e5 holde kontakten og sende relevant informasjon videre.<\/p>\n\n\n\n<p>Samtidig er det viktig \u00e5 samle inn og bruke kontaktinformasjonen p\u00e5 en ansvarlig m\u00e5te, i tr\u00e5d med personvernregler og samtykke fra brukeren.<\/p>\n\n\n\n<p>Her er tre metoder for bedre leadsgenerering:<\/p>\n\n\n\n<h3 class=\"wp-block-heading\"><strong>Call to Action (CTA)<\/strong><\/h3>\n\n\n\n<p>En Call to Action er en klar oppfordring til handling, som p\u00e5melding, nedlasting eller mer informasjon.<\/p>\n\n\n\n<p>Du kan plassere CTA-er p\u00e5 for eksempel nettsider, i blogginnlegg, i nyhetsbrev eller i innlegg p\u00e5 sosiale medier.<\/p>\n\n\n\n<p>Lag en klar og relevant CTA som brukeren ser.<\/p>\n\n\n\n<h3 class=\"wp-block-heading\"><strong>E-post i bytte mot verdi<\/strong><\/h3>\n\n\n\n<p>En vanlig metode er \u00e5 tilby noe nyttig i bytte mot en e-postadresse. Det kan for eksempel v\u00e6re:<\/p>\n\n\n\n<ol class=\"wp-block-list\">\n<li>en guide eller e-bok<\/li>\n\n\n\n<li>tilgang til eksklusivt innhold<\/li>\n\n\n\n<li>rabatt p\u00e5 f\u00f8rste kj\u00f8p<\/li>\n\n\n\n<li>en gratis pr\u00f8veperiode<\/li>\n<\/ol>\n\n\n\n<p>Tilbudet b\u00f8r v\u00e6re relevant og gi reell verdi for mottakeren. M\u00e5let er at brukeren frivillig deler kontaktinformasjon fordi innholdet oppleves nyttig.<\/p>\n\n\n\n<h3 class=\"wp-block-heading\"><strong>Landingssider<\/strong><\/h3>\n\n\n\n<p>En landingsside skal f\u00e5 bes\u00f8kende til \u00e5 registrere seg eller laste ned innhold.<\/p>\n\n\n\n<ol class=\"wp-block-list\">\n<li>P\u00e5 en god landingsside finner brukeren:<\/li>\n\n\n\n<li>tydelig informasjon om hva som tilbys<\/li>\n\n\n\n<li>hvorfor tilbudet kan v\u00e6re nyttig<\/li>\n\n\n\n<li>et enkelt skjema for registrering<\/li>\n<\/ol>\n\n\n\n<h2 class=\"wp-block-heading\"><strong>Hva er B2B-salg?<\/strong><\/h2>\n\n\n\n<p>B2B-salg st\u00e5r for Business-to-Business salg. Det betyr at en bedrift selger produkter eller tjenester direkte til en annen bedrift, i stedet for til privatpersoner.<\/p>\n\n\n\n<p><strong>Eksempler p\u00e5 B2B-salg:<\/strong><\/p>\n\n\n\n<ul class=\"wp-block-list\">\n<li>En programvareleverand\u00f8r som selger et CRM-system til et selskap<\/li>\n\n\n\n<li>En grossist som leverer varer til en butikk<\/li>\n\n\n\n<li>Et reklamebyr\u00e5 som lager kampanjer for andre bedrifter<\/li>\n\n\n\n<li>En m\u00f8belbutikk som leverer kontorm\u00f8bler til en bedrift<\/li>\n<\/ul>\n\n\n\n<p>I mange bransjer utgj\u00f8r B2B-markedet en stor del av den totale \u00f8konomien.<\/p>\n\n\n\n<h2 class=\"wp-block-heading\"><strong>Viktige strategier for \u00e5 lykkes med B2B-salg<\/strong><\/h2>\n\n\n\n<p>Bedrifter som lykkes med B2B-salg arbeider ofte systematisk med b\u00e5de relasjoner og salgsstrategi. M\u00e5let er ikke bare \u00e5 gjennomf\u00f8re enkeltst\u00e5ende salg, men \u00e5 bygge samarbeid som gir verdi for begge parter over tid.<\/p>\n\n\n\n<h3 class=\"wp-block-heading\"><strong>Bygg tillit<\/strong><\/h3>\n\n\n\n<p>Tillit er en sentral del av B2B-salg. Bedrifter \u00f8nsker \u00e5 samarbeide med leverand\u00f8rer som fremst\u00e5r som kompetente og p\u00e5litelige. Dette bygges blant annet gjennom tydelig kommunikasjon, god faglig forst\u00e5else og dokumenterte resultater.<\/p>\n\n\n\n<p>N\u00e5r kunden opplever at leverand\u00f8ren er profesjonell og tilgjengelig, blir det enklere \u00e5 etablere et samarbeid.<\/p>\n\n\n\n<h3 class=\"wp-block-heading\"><strong>Forst\u00e5 kundens behov<\/strong><\/h3>\n\n\n\n<p>En viktig del av B2B-salg er \u00e5 forst\u00e5 hva kunden faktisk pr\u00f8ver \u00e5 oppn\u00e5. Dyktige selgere bruker derfor tid p\u00e5 \u00e5 lytte og stille sp\u00f8rsm\u00e5l om virksomhetens utfordringer og m\u00e5l. N\u00e5r man forst\u00e5r situasjonen til kunden, blir det lettere \u00e5 vise hvordan l\u00f8sningen kan bidra til konkrete forbedringer.<\/p>\n\n\n\n<h3 class=\"wp-block-heading\"><strong>Jobb med langsiktige kunderelasjoner<\/strong><\/h3>\n\n\n\n<p>I mange bransjer utgj\u00f8r eksisterende kunder en vesentlig del av omsetningen. Oppf\u00f8lging etter gjennomf\u00f8rt salg er derfor avgj\u00f8rende. Gjennom regelmessig dialog og r\u00e5dgivning bidrar leverand\u00f8ren til \u00e5 \u00f8ke verdien kunden f\u00e5r ut av l\u00f8sningen.<\/p>\n\n\n\n<h2 class=\"wp-block-heading\"><strong>Ofte stilte sp\u00f8rsm\u00e5l<\/strong><\/h2>\n\n\n\n<h3 class=\"wp-block-heading\"><strong>Hva er leadsgenerering?<\/strong><\/h3>\n\n\n\n<p>Leadsgenerering er prosessen med \u00e5 tiltrekke og identifisere potensielle kunder som har vist interesse for en bedrifts produkter eller tjenester. Dette skjer ofte ved at personer deler kontaktinformasjon, for eksempel gjennom et skjema, et nyhetsbrev eller ved \u00e5 laste ned innhold.<\/p>\n\n\n\n<h3 class=\"wp-block-heading\"><strong>Hvordan generere leads?<\/strong><\/h3>\n\n\n\n<p>Leads genereres ved \u00e5 tilby relevant innhold eller fordeler som motiverer bes\u00f8kende til \u00e5 dele kontaktinformasjon. Dette kan for eksempel v\u00e6re guid<\/p>\n","protected":false},"excerpt":{"rendered":"<p>M\u00f8tebooking M\u00f8tebookeren hjelper bedriften din med \u00e5 \u00f8ke salget og spare tid p\u00e5 salgsprosessen. Vi fyller kalenderen din med relevante kundem\u00f8ter, slik at du kan videref\u00f8re salgsprosessen p\u00e5 en effektiv m\u00e5te. Dette gir deg mulighet til \u00e5 fokusere p\u00e5 virksomhetens utvikling og drift. M\u00f8tebooking starter med grundig forarbeid. Vi definerer riktig m\u00e5lgruppe sammen og vurderer &#8230; <a title=\"Fremside\" class=\"read-more\" href=\"https:\/\/xn--mtebookeren-ggb.no\/\" aria-label=\"Read more about Fremside\">Read more<\/a><\/p>\n","protected":false},"author":2,"featured_media":0,"parent":0,"menu_order":0,"comment_status":"closed","ping_status":"closed","template":"","meta":{"footnotes":""},"class_list":["post-7","page","type-page","status-publish"],"yoast_head":"<!-- This site is optimized with the Yoast SEO plugin v27.3 - https:\/\/yoast.com\/product\/yoast-seo-wordpress\/ -->\n<title>Fremside - M\u00f8tebookeren<\/title>\n<meta name=\"robots\" content=\"index, follow, max-snippet:-1, max-image-preview:large, max-video-preview:-1\" \/>\n<link rel=\"canonical\" href=\"https:\/\/xn--mtebookeren-ggb.no\/\" \/>\n<meta property=\"og:locale\" content=\"nb_NO\" \/>\n<meta property=\"og:type\" content=\"article\" \/>\n<meta property=\"og:title\" content=\"Fremside - M\u00f8tebookeren\" \/>\n<meta property=\"og:description\" content=\"M\u00f8tebooking M\u00f8tebookeren hjelper bedriften din med \u00e5 \u00f8ke salget og spare tid p\u00e5 salgsprosessen. Vi fyller kalenderen din med relevante kundem\u00f8ter, slik at du kan videref\u00f8re salgsprosessen p\u00e5 en effektiv m\u00e5te. Dette gir deg mulighet til \u00e5 fokusere p\u00e5 virksomhetens utvikling og drift. M\u00f8tebooking starter med grundig forarbeid. Vi definerer riktig m\u00e5lgruppe sammen og vurderer ... Read more\" \/>\n<meta property=\"og:url\" content=\"https:\/\/xn--mtebookeren-ggb.no\/\" \/>\n<meta property=\"og:site_name\" content=\"M\u00f8tebookeren\" \/>\n<meta property=\"article:modified_time\" content=\"2026-04-06T13:52:11+00:00\" \/>\n<meta property=\"og:image\" content=\"https:\/\/xn--mtebookeren-ggb.no\/wp-content\/uploads\/2026\/04\/motebookeren_sm.webp\" \/>\n\t<meta property=\"og:image:width\" content=\"724\" \/>\n\t<meta property=\"og:image:height\" content=\"483\" \/>\n\t<meta property=\"og:image:type\" content=\"image\/webp\" \/>\n<meta name=\"twitter:card\" content=\"summary_large_image\" \/>\n<meta name=\"twitter:label1\" content=\"Est. reading time\" \/>\n\t<meta name=\"twitter:data1\" content=\"7 minutter\" \/>\n<script type=\"application\/ld+json\" class=\"yoast-schema-graph\">{\"@context\":\"https:\\\/\\\/schema.org\",\"@graph\":[{\"@type\":\"WebPage\",\"@id\":\"https:\\\/\\\/xn--mtebookeren-ggb.no\\\/\",\"url\":\"https:\\\/\\\/xn--mtebookeren-ggb.no\\\/\",\"name\":\"Fremside - M\u00f8tebookeren\",\"isPartOf\":{\"@id\":\"https:\\\/\\\/xn--mtebookeren-ggb.no\\\/#website\"},\"primaryImageOfPage\":{\"@id\":\"https:\\\/\\\/xn--mtebookeren-ggb.no\\\/#primaryimage\"},\"image\":{\"@id\":\"https:\\\/\\\/xn--mtebookeren-ggb.no\\\/#primaryimage\"},\"thumbnailUrl\":\"https:\\\/\\\/xn--mtebookeren-ggb.no\\\/wp-content\\\/uploads\\\/2026\\\/04\\\/motebookeren_sm.webp\",\"datePublished\":\"2026-04-06T13:41:45+00:00\",\"dateModified\":\"2026-04-06T13:52:11+00:00\",\"breadcrumb\":{\"@id\":\"https:\\\/\\\/xn--mtebookeren-ggb.no\\\/#breadcrumb\"},\"inLanguage\":\"nb-NO\",\"potentialAction\":[{\"@type\":\"ReadAction\",\"target\":[\"https:\\\/\\\/xn--mtebookeren-ggb.no\\\/\"]}]},{\"@type\":\"ImageObject\",\"inLanguage\":\"nb-NO\",\"@id\":\"https:\\\/\\\/xn--mtebookeren-ggb.no\\\/#primaryimage\",\"url\":\"https:\\\/\\\/xn--mtebookeren-ggb.no\\\/wp-content\\\/uploads\\\/2026\\\/04\\\/motebookeren_sm.webp\",\"contentUrl\":\"https:\\\/\\\/xn--mtebookeren-ggb.no\\\/wp-content\\\/uploads\\\/2026\\\/04\\\/motebookeren_sm.webp\",\"width\":724,\"height\":483},{\"@type\":\"BreadcrumbList\",\"@id\":\"https:\\\/\\\/xn--mtebookeren-ggb.no\\\/#breadcrumb\",\"itemListElement\":[{\"@type\":\"ListItem\",\"position\":1,\"name\":\"Home\",\"item\":\"https:\\\/\\\/xn--mtebookeren-ggb.no\\\/\"},{\"@type\":\"ListItem\",\"position\":2,\"name\":\"Fremside\"}]},{\"@type\":\"WebSite\",\"@id\":\"https:\\\/\\\/xn--mtebookeren-ggb.no\\\/#website\",\"url\":\"https:\\\/\\\/xn--mtebookeren-ggb.no\\\/\",\"name\":\"M\u00f8tebookeren\",\"description\":\"\",\"potentialAction\":[{\"@type\":\"SearchAction\",\"target\":{\"@type\":\"EntryPoint\",\"urlTemplate\":\"https:\\\/\\\/xn--mtebookeren-ggb.no\\\/?s={search_term_string}\"},\"query-input\":{\"@type\":\"PropertyValueSpecification\",\"valueRequired\":true,\"valueName\":\"search_term_string\"}}],\"inLanguage\":\"nb-NO\"}]}<\/script>\n<!-- \/ Yoast SEO plugin. -->","yoast_head_json":{"title":"Fremside - M\u00f8tebookeren","robots":{"index":"index","follow":"follow","max-snippet":"max-snippet:-1","max-image-preview":"max-image-preview:large","max-video-preview":"max-video-preview:-1"},"canonical":"https:\/\/xn--mtebookeren-ggb.no\/","og_locale":"nb_NO","og_type":"article","og_title":"Fremside - M\u00f8tebookeren","og_description":"M\u00f8tebooking M\u00f8tebookeren hjelper bedriften din med \u00e5 \u00f8ke salget og spare tid p\u00e5 salgsprosessen. Vi fyller kalenderen din med relevante kundem\u00f8ter, slik at du kan videref\u00f8re salgsprosessen p\u00e5 en effektiv m\u00e5te. Dette gir deg mulighet til \u00e5 fokusere p\u00e5 virksomhetens utvikling og drift. M\u00f8tebooking starter med grundig forarbeid. Vi definerer riktig m\u00e5lgruppe sammen og vurderer ... Read more","og_url":"https:\/\/xn--mtebookeren-ggb.no\/","og_site_name":"M\u00f8tebookeren","article_modified_time":"2026-04-06T13:52:11+00:00","og_image":[{"width":724,"height":483,"url":"https:\/\/xn--mtebookeren-ggb.no\/wp-content\/uploads\/2026\/04\/motebookeren_sm.webp","type":"image\/webp"}],"twitter_card":"summary_large_image","twitter_misc":{"Est. reading time":"7 minutter"},"schema":{"@context":"https:\/\/schema.org","@graph":[{"@type":"WebPage","@id":"https:\/\/xn--mtebookeren-ggb.no\/","url":"https:\/\/xn--mtebookeren-ggb.no\/","name":"Fremside - M\u00f8tebookeren","isPartOf":{"@id":"https:\/\/xn--mtebookeren-ggb.no\/#website"},"primaryImageOfPage":{"@id":"https:\/\/xn--mtebookeren-ggb.no\/#primaryimage"},"image":{"@id":"https:\/\/xn--mtebookeren-ggb.no\/#primaryimage"},"thumbnailUrl":"https:\/\/xn--mtebookeren-ggb.no\/wp-content\/uploads\/2026\/04\/motebookeren_sm.webp","datePublished":"2026-04-06T13:41:45+00:00","dateModified":"2026-04-06T13:52:11+00:00","breadcrumb":{"@id":"https:\/\/xn--mtebookeren-ggb.no\/#breadcrumb"},"inLanguage":"nb-NO","potentialAction":[{"@type":"ReadAction","target":["https:\/\/xn--mtebookeren-ggb.no\/"]}]},{"@type":"ImageObject","inLanguage":"nb-NO","@id":"https:\/\/xn--mtebookeren-ggb.no\/#primaryimage","url":"https:\/\/xn--mtebookeren-ggb.no\/wp-content\/uploads\/2026\/04\/motebookeren_sm.webp","contentUrl":"https:\/\/xn--mtebookeren-ggb.no\/wp-content\/uploads\/2026\/04\/motebookeren_sm.webp","width":724,"height":483},{"@type":"BreadcrumbList","@id":"https:\/\/xn--mtebookeren-ggb.no\/#breadcrumb","itemListElement":[{"@type":"ListItem","position":1,"name":"Home","item":"https:\/\/xn--mtebookeren-ggb.no\/"},{"@type":"ListItem","position":2,"name":"Fremside"}]},{"@type":"WebSite","@id":"https:\/\/xn--mtebookeren-ggb.no\/#website","url":"https:\/\/xn--mtebookeren-ggb.no\/","name":"M\u00f8tebookeren","description":"","potentialAction":[{"@type":"SearchAction","target":{"@type":"EntryPoint","urlTemplate":"https:\/\/xn--mtebookeren-ggb.no\/?s={search_term_string}"},"query-input":{"@type":"PropertyValueSpecification","valueRequired":true,"valueName":"search_term_string"}}],"inLanguage":"nb-NO"}]}},"_links":{"self":[{"href":"https:\/\/xn--mtebookeren-ggb.no\/index.php?rest_route=\/wp\/v2\/pages\/7","targetHints":{"allow":["GET"]}}],"collection":[{"href":"https:\/\/xn--mtebookeren-ggb.no\/index.php?rest_route=\/wp\/v2\/pages"}],"about":[{"href":"https:\/\/xn--mtebookeren-ggb.no\/index.php?rest_route=\/wp\/v2\/types\/page"}],"author":[{"embeddable":true,"href":"https:\/\/xn--mtebookeren-ggb.no\/index.php?rest_route=\/wp\/v2\/users\/2"}],"replies":[{"embeddable":true,"href":"https:\/\/xn--mtebookeren-ggb.no\/index.php?rest_route=%2Fwp%2Fv2%2Fcomments&post=7"}],"version-history":[{"count":2,"href":"https:\/\/xn--mtebookeren-ggb.no\/index.php?rest_route=\/wp\/v2\/pages\/7\/revisions"}],"predecessor-version":[{"id":14,"href":"https:\/\/xn--mtebookeren-ggb.no\/index.php?rest_route=\/wp\/v2\/pages\/7\/revisions\/14"}],"wp:attachment":[{"href":"https:\/\/xn--mtebookeren-ggb.no\/index.php?rest_route=%2Fwp%2Fv2%2Fmedia&parent=7"}],"curies":[{"name":"wp","href":"https:\/\/api.w.org\/{rel}","templated":true}]}}